{"id":695,"date":"2023-10-04T06:01:26","date_gmt":"2023-10-04T06:01:26","guid":{"rendered":"https:\/\/scorpio-studio.si\/?page_id=695"},"modified":"2023-10-04T06:01:30","modified_gmt":"2023-10-04T06:01:30","slug":"piskotki","status":"publish","type":"page","link":"https:\/\/scorpio-studio.si\/?page_id=695","title":{"rendered":"Pi\u0161kotki"},"content":{"rendered":"<div class=\"pbs-main-wrapper\"><div class=\"fsn-row full-width-row fsn-69e0db8d80c1c light\" style=\"background-repeat:repeat;background-position:left top;background-attachment:scroll;background-size:auto;\"><div class=\"container-fluid\"><div class=\"row\"><div class=\"col-sm-12\"><div class=\"fsn-column-inner fsn-69e0db8d80de7 light\"><div class=\"fsn-text fsn-69e0db8d80f67\">\n<div id=\"wrapper\" class=\"\">\n<header class=\"fusion-header-wrapper\">\n<div class=\"fusion-header-v6 fusion-logo-left fusion-sticky-menu- fusion-sticky-logo- fusion-mobile-logo- fusion-mobile-menu-design-modern\">\n<div class=\"fusion-header\">\n<div class=\"fusion-row\">\n<div class=\"fusion-header-v6-content\">\n<div class=\"fusion-flyout-menu-icons\">\n<div class=\"fusion-flyout-menu-toggle\"><\/div>\n<\/div>\n<\/div>\n<\/div>\n<\/div>\n<\/div>\n<\/header>\n<div id=\"main\" class=\"clearfix\">\n<div class=\"fusion-row\">\n<div id=\"content\">\n<div id=\"post-608\" class=\"post-608 page type-page status-publish hentry\">\n<div class=\"post-content\">\n<div><\/div>\n<div class=\"plain\">\n<div id=\"rte_holder_9232069\" class=\"contentAreaElement elmRte\">\n<p class=\"plain\">Da bi vam olaj\u0161ali uporabo na\u0161e spletne strani in jo naredili bolj prijetno, uporabljamo \u00bbpi\u0161kotke\u00ab. Pi\u0161kotki so majhne podatkovne enote, ki nam omogo\u010dajo primerjavo novih in predhodnih obiskovalcev, razumevanje, kako uporabljajo na\u0161o stran. Posredujejo nam podatke, s katerimi lahko naredimo prihodnji obisk spletne strani bolj prijeten in u\u010dinkovit. \u010ce ne \u017eelite uporabljati pi\u0161kotkov, nastavite svoj ra\u010dunalnik tako, da izbri\u0161e vse pi\u0161kotke spletnih strani in\/ali vas opozori, preden se pi\u0161kotek shrani na disk. \u010ce ne \u017eelite spremeniti uporabe pi\u0161kotkov, preprosto nadaljujte na spletno stran.<\/p>\n<p><span class=\"highlight\">Upravljavec spletnega mesta in vseh podatkov povezanih z njim je:<\/span><\/p>\n<p>Ime in priimek ali Naziv podjetja: SCORPIO STUDIO, D.O.O.<br \/>\nNaslov: HRIBARJEVO NABRE\u017dJE 3, LJUBLJANA,<br \/>\nPo\u0161ta in kraj: 1000 LJUBLJANA<br \/>\nNaslov elektronske po\u0161te: info@scorpio-studio.si<br \/>\nKontaktna telefonska \u0161tevilka: 01 251 76 87<\/p>\n<p class=\"plain\">Za ve\u010d informacij o pi\u0161kotkih in njihovem vplivu na\u00a0<a href=\"https:\/\/www.aboutcookies.org\/\" target=\"_blank\" rel=\"noopener noreferrer\">www.aboutcookies.org<\/a>.<\/p>\n<p><span class=\"highlight\">VRSTE PI\u0160KOTKOV, KI JIH UPORABLJAMO<\/span><\/p>\n<div class=\"plain\">\n<p>&nbsp;<\/p>\n<table dir=\"ltr\" border=\"1\" cellspacing=\"0\" cellpadding=\"10px\">\n<colgroup>\n<col width=\"348\" \/>\n<col width=\"276\" \/><\/colgroup>\n<tbody>\n<tr>\n<td data-sheets-value=\"{&quot;1&quot;:2,&quot;2&quot;:&quot;Ime pi\u0161kotka&quot;}\"><strong>Ime pi\u0161kotka<\/strong><\/td>\n<td data-sheets-value=\"{&quot;1&quot;:2,&quot;2&quot;:&quot;Namen&quot;}\"><strong>Namen<\/strong><\/td>\n<td data-sheets-value=\"{&quot;1&quot;:2,&quot;2&quot;:&quot;Namen&quot;}\"><strong>\u010cas trajanja<\/strong><\/td>\n<\/tr>\n<tr>\n<td data-sheets-value=\"{&quot;1&quot;:2,&quot;2&quot;:&quot;CookiePreferences&quot;}\">CookiePreferences<\/td>\n<td data-sheets-value=\"{&quot;1&quot;:2,&quot;2&quot;:&quot;Pi\u0161kotek v katerem se hrani Va\u0161e strinjanje z uporabo Googlovih storitev.&quot;}\">Pi\u0161kotek v katerem se hrani Va\u0161e strinjanje z uporabo Googlovih storitev.<\/td>\n<td data-sheets-value=\"{&quot;1&quot;:2,&quot;2&quot;:&quot;Pi\u0161kotek v katerem se hrani Va\u0161e strinjanje z uporabo Googlovih storitev.&quot;}\">Dve leti.<\/td>\n<\/tr>\n<tr>\n<td data-sheets-value=\"{&quot;1&quot;:2,&quot;2&quot;:&quot;NID&quot;}\">NID<\/td>\n<td data-sheets-value=\"{&quot;1&quot;:2,&quot;2&quot;:&quot;Identifikator za Google nastavitve&quot;}\">Identifikator za Google nastavitve<\/td>\n<td data-sheets-value=\"{&quot;1&quot;:2,&quot;2&quot;:&quot;Identifikator za Google nastavitve&quot;}\">10 mesecev.<\/td>\n<\/tr>\n<tr>\n<td data-sheets-value=\"{&quot;1&quot;:2,&quot;2&quot;:&quot;PH_HPXY_CHECK&quot;}\">PH_HPXY_CHECK<\/td>\n<td>Pi\u0161kotek pomemben za samo delovanje spletne strani, nalo\u017ei se ob vsakem obisku spletne strani, traja 1 sejo<\/td>\n<td>Do zaprtja brskalnika.<\/td>\n<\/tr>\n<tr>\n<td data-sheets-value=\"{&quot;1&quot;:2,&quot;2&quot;:&quot;_ga&quot;}\">_ga<\/td>\n<td data-sheets-value=\"{&quot;1&quot;:2,&quot;2&quot;:&quot;Statistika ogledov spletne strani&quot;}\">Statistika ogledov spletne strani<\/td>\n<td data-sheets-value=\"{&quot;1&quot;:2,&quot;2&quot;:&quot;Statistika ogledov spletne strani&quot;}\">Dve leti.<\/td>\n<\/tr>\n<tr>\n<td data-sheets-value=\"{&quot;1&quot;:2,&quot;2&quot;:&quot;_gid&quot;}\">_gid<\/td>\n<td data-sheets-value=\"{&quot;1&quot;:2,&quot;2&quot;:&quot;Statistika ogledov spletne strani&quot;}\">Statistika ogledov spletne strani<\/td>\n<td data-sheets-value=\"{&quot;1&quot;:2,&quot;2&quot;:&quot;Statistika ogledov spletne strani&quot;}\">En dan.<\/td>\n<\/tr>\n<tr>\n<td data-sheets-value=\"{&quot;1&quot;:2,&quot;2&quot;:&quot;_gid&quot;}\">_gat<\/td>\n<td data-sheets-value=\"{&quot;1&quot;:2,&quot;2&quot;:&quot;Statistika ogledov spletne strani&quot;}\"><span data-sheets-value=\"{&quot;1&quot;:2,&quot;2&quot;:&quot;Pi\u0161kotek storitve Google Analytics. Pi\u0161kotek se uporablja za uravnavanje \u0161tevila poslanih zahtevkov Google Analytics. Pi\u0161kotek ne vsebuje informacij o uporabniku. Pi\u0161kotek se izbri\u0161e 10 minut po namestitvi.&quot;}\" data-sheets-userformat=\"{&quot;2&quot;:769,&quot;3&quot;:&#091;null,0&#093;,&quot;11&quot;:4,&quot;12&quot;:0}\">Pi\u0161kotek storitve Google Analytics. Pi\u0161kotek se uporablja za uravnavanje \u0161tevila poslanih zahtevkov Google Analytics. Pi\u0161kotek ne vsebuje informacij o uporabniku. Pi\u0161kotek se izbri\u0161e 10 minut po namestitvi.<\/span><\/td>\n<td data-sheets-value=\"{&quot;1&quot;:2,&quot;2&quot;:&quot;Statistika ogledov spletne strani&quot;}\"><span data-sheets-value=\"{&quot;1&quot;:2,&quot;2&quot;:&quot;Pi\u0161kotek storitve Google Analytics. Pi\u0161kotek se uporablja za uravnavanje \u0161tevila poslanih zahtevkov Google Analytics. Pi\u0161kotek ne vsebuje informacij o uporabniku. Pi\u0161kotek se izbri\u0161e 10 minut po namestitvi.&quot;}\" data-sheets-userformat=\"{&quot;2&quot;:769,&quot;3&quot;:&#091;null,0&#093;,&quot;11&quot;:4,&quot;12&quot;:0}\">10 minut.<\/span><\/td>\n<\/tr>\n<tr>\n<td data-sheets-value=\"{&quot;1&quot;:2,&quot;2&quot;:&quot;wordpress_logged_in_3054fecbcbdf6e59458543f8aefcff8a&quot;}\">wordpress_logged_in_3054fecbcbdf6e59458543f8aefcff8a<\/td>\n<td data-sheets-value=\"{&quot;1&quot;:2,&quot;2&quot;:&quot;Pi\u0161kotek ki si zapomne prijavljenega uporabnika na strani&quot;}\">Pi\u0161kotek ki si zapomne prijavljenega uporabnika na strani<\/td>\n<td data-sheets-value=\"{&quot;1&quot;:2,&quot;2&quot;:&quot;Pi\u0161kotek ki si zapomne prijavljenega uporabnika na strani&quot;}\">Do zaprtja brskalnika.<\/td>\n<\/tr>\n<tr>\n<td data-sheets-value=\"{&quot;1&quot;:2,&quot;2&quot;:&quot;wordpress_sec_3054fecbcbdf6e59458543f8aefcff8a&quot;}\">wordpress_sec_3054fecbcbdf6e59458543f8aefcff8a<\/td>\n<td data-sheets-value=\"{&quot;1&quot;:2,&quot;2&quot;:&quot;Pi\u0161kotek z varnostno zastavico&quot;}\">Pi\u0161kotek z varnostno zastavico<\/td>\n<td data-sheets-value=\"{&quot;1&quot;:2,&quot;2&quot;:&quot;Pi\u0161kotek z varnostno zastavico&quot;}\">Do zaprtja brskalnika.<\/td>\n<\/tr>\n<tr>\n<td data-sheets-value=\"{&quot;1&quot;:2,&quot;2&quot;:&quot;wordpress_test_cookie&quot;}\">wordpress_test_cookie<\/td>\n<td data-sheets-value=\"{&quot;1&quot;:2,&quot;2&quot;:&quot;Pi\u0161kotek storitve Visual Website Optimizer, ki slu\u017ei nadzoru anonimne uporabe spletnega mesta za potrebe spreminjanja oblikovne predloge le-tega.&quot;}\">Pi\u0161kotek storitve Visual Website Optimizer, ki slu\u017ei nadzoru anonimne uporabe spletnega mesta za potrebe spreminjanja oblikovne predloge le-tega.<\/td>\n<td data-sheets-value=\"{&quot;1&quot;:2,&quot;2&quot;:&quot;Pi\u0161kotek storitve Visual Website Optimizer, ki slu\u017ei nadzoru anonimne uporabe spletnega mesta za potrebe spreminjanja oblikovne predloge le-tega.&quot;}\">Do zaprtja brskalnika.<\/td>\n<\/tr>\n<tr>\n<td data-sheets-value=\"{&quot;1&quot;:2,&quot;2&quot;:&quot;wp-settings-1&quot;}\">wp-settings-1<\/td>\n<td data-sheets-value=\"{&quot;1&quot;:2,&quot;2&quot;:&quot;Nastavi se zaradi prilagoditve pogleda strani in (administratorskega) vmesnika.&quot;}\">Nastavi se zaradi prilagoditve pogleda strani in (administratorskega) vmesnika.<\/td>\n<td data-sheets-value=\"{&quot;1&quot;:2,&quot;2&quot;:&quot;Nastavi se zaradi prilagoditve pogleda strani in (administratorskega) vmesnika.&quot;}\">210 minut od posodobitve strani.<\/td>\n<\/tr>\n<tr>\n<td data-sheets-value=\"{&quot;1&quot;:2,&quot;2&quot;:&quot;wp-settings-time-1&quot;}\">wp-settings-time-1<\/td>\n<td data-sheets-value=\"{&quot;1&quot;:2,&quot;2&quot;:&quot;Nastavi se zaradi prilagoditve pogleda strani in (administratorskega) vmesnika.&quot;}\">Nastavi se zaradi prilagoditve pogleda strani in (administratorskega) vmesnika.<\/td>\n<td data-sheets-value=\"{&quot;1&quot;:2,&quot;2&quot;:&quot;Nastavi se zaradi prilagoditve pogleda strani in (administratorskega) vmesnika.&quot;}\">210 minut od posodobitve strani.<\/td>\n<\/tr>\n<\/tbody>\n<\/table>\n<div><\/div>\n<p><strong>Obvezni pi\u0161kotki<\/strong>\u00a0Ti pi\u0161kotki so nujni za premikanje po spletni strani in uporabo njenih mo\u017enosti, kot je naprimer dostop do varnih obmo\u010dij spletne strani. Brez teh pi\u0161kotkov ni mo\u017eno zagotoviti storitev, ki ste jih zahtevali, naprimer obrazca za nagradno igro ipd.<\/p>\n<p class=\"plain\"><strong>Izvedbeni pi\u0161kotki<\/strong>\u00a0Ti pi\u0161kotki zbirajo informacije o na\u010dinu uporabe spletne strani, naprimer katere strani uporabniki najpogosteje obi\u0161\u010dejo, in \u010de se na spletnih straneh pojavijo sporo\u010dila o napaki. Ti pi\u0161kotki ne zbirajo informacij, ki bi lahko identificirale uporabnika. Vse zbrane informacije so zdru\u017eene in anonimne. Ti pi\u0161kotki se uporabljajo samo za izbolj\u0161anje delovanja spletne strani.<\/p>\n<p class=\"plain\">Z nadaljevanjem uporabe na\u0161e spletne strani po tem, ko ste dobili obvestilo o pi\u0161kotkih se strinjate, da na va\u0161o napravo namestimo to vrsto pi\u0161kotkov.<\/p>\n<p class=\"plain\"><strong>Funkcionalni pi\u0161kotki<\/strong>\u00a0Ti pi\u0161kotki omogo\u010dajo, da si spletna stran zapomni va\u0161e izbrane mo\u017enosti (na primer va\u0161e uporabni\u0161ko ime, jezik ali regijo, kjer se nahajate) in vam ponudi izbolj\u0161ane, bolj osebne mo\u017enosti. Tako na primer na\u0161a spletna stran na kateri ste trenutno nudi prilagojeno vsebino glede na tematiko \u010dlankov, ki jih je uporabnik ozna\u010dil kot priljubljene. Ti pi\u0161kotki si lahko zapomnijo tudi spremembe velikosti \u010drk in pisave ter drugih delov spletne strani, ki jih lahko prilagodite. Uporabni so tudi za zagotavljanje storitev, ki ste jih zahtevali, kot je ogled videoposnetka ali komentiranje na blogu. Informacije, ki jih zbirajo ti pi\u0161kotki, so lahko anonimne in ne sledijo va\u0161emu brskanju po drugih spletnih straneh.<\/p>\n<p class=\"plain\">Z nadaljevanjem uporabe na\u0161e spletne strani po tem, ko ste dobili obvestilo o pi\u0161kotkih se strinjate, da na va\u0161o napravo namestimo to vrsto pi\u0161kotkov.<\/p>\n<p class=\"plain\"><strong>Kako upravljati pi\u0161kotke na osebnem ra\u010dunalniku\u00a0<\/strong>Klikni za onemogo\u010danje Google Analitike S klikom na \u201conemogo\u010danje Google Analitike\u201d bo analitika onemogo\u010dena za mesec dni.<\/p>\n<p>\u010ce \u017eelite omogo\u010diti pi\u0161kotke na\u0161e spletne strani, sledite spodnjim korakom.<\/p>\n<p class=\"plain\"><strong>Google Chrome<\/strong><\/p>\n<ol>\n<li class=\"plain\">Kliknite \u00bbOrodja\u00ab na vrhu va\u0161ega brskalnika in izberite \u00bbNastavitve\u00ab.<\/li>\n<li class=\"plain\">Kliknite \u00bbPrika\u017ei dodatne nastavitve\u00ab in se pomaknite do razdelka \u00bbZasebnost\u00ab ter kliknite gumb \u00bbNastavitve vsebine\u00ab.<\/li>\n<li class=\"plain\">Izberite \u00bbDovoli nastavljanje lokalnih podatkov\u00ab.<\/li>\n<\/ol>\n<p class=\"plain\"><strong>Microsoft Internet Explorer 6.0, 7.0, 8.0, 9.0<\/strong><\/p>\n<ol>\n<li class=\"plain\">Kliknite \u00bbOrodja\u00ab na vrhu va\u0161ega brskalnika in izberite \u00bbInternetne mo\u017enosti\u00ab, nato kliknite zavihek \u00bbZasebnost\u00ab.<\/li>\n<li class=\"plain\">Preverite, \u010de je raven va\u0161e zasebnosti nastavljena na srednjo ali manj, kar bo omogo\u010dilo uporabo pi\u0161kotkov v va\u0161em brskalniku.<\/li>\n<li class=\"plain\">Nastavitev nad srednjo ravnjo bo onemogo\u010dila uporabo pi\u0161kotkov.<\/li>\n<\/ol>\n<p class=\"plain\"><strong>Mozilla Firefox<\/strong><\/p>\n<ol>\n<li class=\"plain\">Kliknite \u00bbOrodja\u00ab na vrhu va\u0161ega brskalnika in izberite \u00bbMo\u017enosti\u00ab. &gt;<\/li>\n<li class=\"plain\">Nato izberite ikono \u00bbZasebnost\u00ab. &gt;<\/li>\n<li class=\"plain\">Kliknite \u00bbPi\u0161kotki\u00ab in izberite mo\u017enost \u00bbDovoli stranem, da ustvarijo pi\u0161kote\u00ab.<\/li>\n<\/ol>\n<p class=\"plain\"><strong>Safari<\/strong><\/p>\n<ol>\n<li class=\"plain\">Kliknite ikono zobnika na vrhu va\u0161ega brskalnika in izberite mo\u017enost \u00bbNastavitve\u00ab.<\/li>\n<li class=\"plain\">Kliknite \u00bbZasebnost\u00ab, nato ozna\u010dite mo\u017enost \u00bbOnemogo\u010di uporabo pi\u0161kotkov tretjih oseb in ogla\u0161evalnih pi\u0161kotkov\u00ab.<\/li>\n<li class=\"plain\">Kliknite \u00bbShrani\u00ab.<\/li>\n<\/ol>\n<p class=\"plain\"><strong>Kako upravljati pi\u0161kotke na ra\u010dunalniku Mac<\/strong>\u00a0\u010ce \u017eelite omogo\u010diti pi\u0161kotke na\u0161e spletne strani, sledite spodnjim korakom.<\/p>\n<p class=\"plain\"><strong>Microsoft Internet Explorer 5.0 on OSX<\/strong><\/p>\n<ol>\n<li class=\"plain\">Kliknite \u00bbExplorer\u00ab na vrhu va\u0161ega brskalnika in izberite mo\u017enost \u00bbNastavitve\u00ab.<\/li>\n<li class=\"plain\">Pomaknite se navzdol do \u00bbPi\u0161kotki\u00ab v razdelku \u00bbPrejete datoteke\u00ab.<\/li>\n<li class=\"plain\">Izberite mo\u017enost \u00bbNikoli ne vpra\u0161aj\u00ab.<\/li>\n<\/ol>\n<p class=\"plain\"><strong>Safari on OSX<\/strong><\/p>\n<ol>\n<li class=\"plain\">Kliknite \u00bbSafari\u00ab na vrhu va\u0161ega brskalnika in izberite mo\u017enost \u00bbNastavitve\u00ab.<\/li>\n<li class=\"plain\">Kliknite \u00bbZasebnost\u00ab in nato \u00bbOmogo\u010di uporabo pi\u0161kotkov\u00ab.<\/li>\n<li class=\"plain\">Izberite \u00bbSamo na obiskanih straneh\u00ab.<\/li>\n<\/ol>\n<p class=\"plain\"><strong>Mozilla and Netscape on OSX<\/strong><\/p>\n<ol>\n<li class=\"plain\">Kliknite \u00bbMozilla\u00ab ali \u00bbNetscape\u00ab na vrhu va\u0161ega brskalnika in izberite mo\u017enost \u00bbNastavitve\u00ab.<\/li>\n<li class=\"plain\">Pomaknite se navzdol do \u00bbPi\u0161kotki\u00ab v razdelku \u00bbZasebnost in varnost\u00ab.<\/li>\n<li class=\"plain\">Izberite \u00bbDovoli pi\u0161kotke samo za izvorno spletno stran\u00ab.<\/li>\n<\/ol>\n<p class=\"plain\"><strong>Opera<\/strong><\/p>\n<ol>\n<li class=\"plain\">Kliknite \u00bbMeni\u00ab na vrhu va\u0161ega brskalnika in izberite \u00bbNastavitve\u00ab.<\/li>\n<li class=\"plain\">Nato izberite \u00bbMo\u017enosti\u00ab in zavihek \u00bbNapredno\u00ab.<\/li>\n<li class=\"plain\">Izberite mo\u017enost \u00bbOmogo\u010di uporabo pi\u0161kotkov\u00ab.<\/li>\n<\/ol>\n<\/div>\n<\/div>\n<\/div>\n<\/div>\n<\/div>\n<\/div>\n<\/div>\n<\/div>\n<div class=\"fusion-footer\">\n<footer class=\"fusion-footer-widget-area fusion-widget-area fusion-footer-widget-area-center\">\n<div class=\"fusion-row\">\n<div class=\"fusion-columns fusion-columns-3 fusion-widget-area\">\n<div class=\"fusion-column col-lg-4 col-md-4 col-sm-4\">\n<div id=\"text-2\" class=\"fusion-footer-widget-column widget widget_text\">\n<div class=\"textwidget\">\n<\/div>\n<div><\/div>\n<\/div>\n<\/div>\n<div class=\"fusion-column col-lg-4 col-md-4 col-sm-4\">\n<div id=\"widget_sp_image-2\" class=\"fusion-footer-widget-column widget widget_sp_image\">\n<div><\/div>\n<\/div>\n<div id=\"widget_sp_image-3\" class=\"fusion-footer-widget-column widget widget_sp_image\">\n<div><\/div>\n<\/div>\n<\/div>\n<div class=\"fusion-column fusion-column-last col-lg-4 col-md-4 col-sm-4\">\n<div id=\"text-3\" class=\"fusion-footer-widget-column widget widget_text\">\n<div class=\"textwidget\"><\/div>\n<\/div>\n<\/div>\n<\/div>\n<\/div>\n<\/footer>\n<\/div>\n<\/div>\n<div class=\"to-top-container\"><\/div>\n<\/div><\/div><\/div><\/div><\/div><\/div>\n<\/div>","protected":false},"excerpt":{"rendered":"","protected":false},"author":1,"featured_media":0,"parent":0,"menu_order":0,"comment_status":"closed","ping_status":"closed","template":"","meta":{"_coblocks_attr":"","_coblocks_dimensions":"","_coblocks_responsive_height":"","_coblocks_accordion_ie_support":"","footnotes":""},"class_list":["post-695","page","type-page","status-publish","hentry"],"_links":{"self":[{"href":"https:\/\/scorpio-studio.si\/index.php?rest_route=\/wp\/v2\/pages\/695","targetHints":{"allow":["GET"]}}],"collection":[{"href":"https:\/\/scorpio-studio.si\/index.php?rest_route=\/wp\/v2\/pages"}],"about":[{"href":"https:\/\/scorpio-studio.si\/index.php?rest_route=\/wp\/v2\/types\/page"}],"author":[{"embeddable":true,"href":"https:\/\/scorpio-studio.si\/index.php?rest_route=\/wp\/v2\/users\/1"}],"replies":[{"embeddable":true,"href":"https:\/\/scorpio-studio.si\/index.php?rest_route=%2Fwp%2Fv2%2Fcomments&post=695"}],"version-history":[{"count":1,"href":"https:\/\/scorpio-studio.si\/index.php?rest_route=\/wp\/v2\/pages\/695\/revisions"}],"predecessor-version":[{"id":696,"href":"https:\/\/scorpio-studio.si\/index.php?rest_route=\/wp\/v2\/pages\/695\/revisions\/696"}],"wp:attachment":[{"href":"https:\/\/scorpio-studio.si\/index.php?rest_route=%2Fwp%2Fv2%2Fmedia&parent=695"}],"curies":[{"name":"wp","href":"https:\/\/api.w.org\/{rel}","templated":true}]}}