{"id":809,"date":"2023-10-17T05:28:19","date_gmt":"2023-10-17T05:28:19","guid":{"rendered":"https:\/\/scorpio-studio.si\/?page_id=809"},"modified":"2023-10-18T16:37:09","modified_gmt":"2023-10-18T16:37:09","slug":"o-nas","status":"publish","type":"page","link":"https:\/\/scorpio-studio.si\/?page_id=809","title":{"rendered":"O NAS"},"content":{"rendered":"<div class=\"pbs-main-wrapper\"><div class=\"fsn-row full-width-row fsn-69e0de0f06e72 light\" style=\"background-repeat:repeat;background-position:left top;background-attachment:scroll;background-size:auto;\"><div class=\"container-fluid\"><div class=\"row\"><div class=\"col-sm-8\"><div class=\"fsn-column-inner fsn-69e0de0f06faf light\"><div class=\"fsn-text fsn-69e0de0f0706f\">\n<p><strong>O NAS<br \/>\n<\/strong>Scorpio studio je arhitekturno oblikovalski studio z lokacijo v strogem centru Ljubljane, ki z interdisciplinarnim delom in z projektiranjem\u00a0 razli\u010dnih prostorskih zvrsti\u00a0 deluje na podro\u010dju arhitekture, notranje opreme, oblikovanja in ohranjanja kulturne dedi\u0161\u010dine tako v Sloveniji kot tudi v drugih dr\u017eavah Europe (Italija , Avstrija, Slova\u0161ka) Blji\u017enega vzhoda in Kitajske.<\/p>\n<p><strong>FILOZOFIJA<br \/>\n<\/strong>\u017divljenje je sestavljeno iz drobnih na videz nepomembnih trenutkov in detajlov, ki tvorijo na\u0161o \u017eivljenjsko zgodbo. Arhitekturna zgodbo na simbolni ravni mora biti razpoznavna, lahko berljiva, upo\u0161tevajo\u010d \u00a0specifi\u010dne lastnosti okolja, celovitost \u017eivljenjskega stila ali posla. Pri tem upo\u0161teva tudi dialog med strukturo, geometrijo, konceptom in vizualno zaznavnostjo, ter kulturne, zgodovinske, ekonomske in socialne dejavnike.<br \/>\nVsak projekt, arhitektura ali oblikovanje po na\u010delu \u00a0\u201ckrojeno po meri\u201d, v celoti re\u0161uje in razume potrebe ter \u017eelje naro\u010dnika in karakter posla, tako konceptualno kot tudi materialno.<\/p>\n<p><strong>PROJEKTNA SKUPINA<br \/>\n<\/strong>Scorpio studio\u00a0 d.o.o.\u00a0 ima dolgoletno tradicijo,\u00a0 arhitekti uspodobljeni, da\u00a0 obvladujejo\u00a0 proces na\u010drtovanja in izvedbe projektov od najzahtevnej\u0161ih javnih objektov do detajlov, sodelujejo s strokovnimi sodelavci in\u017eenirji in fleksibilno ekipo zunanjih specialistov s podro\u010dij razsvetljave, aran\u017eerstva, ter umetnosti in oblikovanja dekorativnih elementov.<br \/>\nDru\u017eba je\u00a0 registrirani za vodenje projektov, projektantske storitve in nadzor.<\/p>\n<p><strong>Odgovorna vodja projektov<br \/>\n<\/strong><strong>Milo\u0161 Hrastelj<\/strong>\u00a0udia\u00a0\u00a0\u00a0\u00a0\u00a0\u00a0\u00a0\u00a0\u00a0\u00a0<strong>Toma\u017e Kej\u017ear<\/strong>\u00a0udia<\/p>\n<p data-fontsize=\"16\" data-lineheight=\"24\"><strong>STORITVE<br \/>\n<\/strong>Storitve s podro\u010dja arhitekture, notranje opreme, oblikovanja in ohranjanja kulturne dedi\u0161\u010dine vklju\u010dujejo za\u010detne ideje in svetovanja do kon\u010dne realizacije projekta.<\/p>\n<p data-fontsize=\"16\" data-lineheight=\"24\"><strong>REFERENCE<\/strong><\/p>\n<p><em><strong>ARHITEKTURA<\/strong><\/em><\/p>\n<ul>\n<li>Izobra\u017eevanje (Ekonomska fakulteta v Ljubljani, Osnovna in srednja \u0161ola v \u0160rilanki z g.Kova\u010dem)<\/li>\n<li>Ve\u010dstanovanjska in individualna gradnja<\/li>\n<li>Objekti za funkcionalno ovirane osebe (rehabilitacijski center Pacug, Invalidske organizacije)<\/li>\n<li>Kulturni in zgodovinski objekti (Muzej Expo v Postojni, obnova fasad v Ljubljani, objekti arheolo\u0161kih izkopavanj na Kitajskem z g. Kova\u010dem)<strong><br \/>\n<\/strong><\/li>\n<\/ul>\n<p><em><strong>INTERIER<\/strong><\/em><\/p>\n<ul>\n<li>Ekskluzivni interieri<\/li>\n<li>Lokali in trgovine (kava bari, restavracije, zlatarne, ambulante)<\/li>\n<li>Poslovni prostori in pisarne<\/li>\n<li>Fitness + SPA, bazeni (9 Slovenia)<\/li>\n<\/ul>\n<p><em><strong>URBANIZEM<\/strong><\/em><\/p>\n<ul>\n<li>Master plan in Xian \u2013 China for Arcaeological park<\/li>\n<\/ul>\n<p><em><strong>OBLIKOVANJE<\/strong><\/em><\/p>\n<ul>\n<li>Pohi\u0161tvo<\/li>\n<li>Modno oblikovanje nakita<\/li>\n<li>Scenska postavitev<\/li>\n<li>Dekorativni unikatni izdelki<strong><br \/>\n<\/strong><\/li>\n<\/ul>\n<h3 data-fontsize=\"16\" data-lineheight=\"24\"><strong>NAGRADE<\/strong><\/h3>\n<ul>\n<li>Individualna rasto\u010da hi\u0161a, Beograd 1979, 3.nagrada<\/li>\n<li>Solarna hi\u0161a, Beograd 1983, 3.nagrada<\/li>\n<li>Logotip Zagrad, Ljubljana 1983, 3.nagrada<\/li>\n<li>Mobile home-units IMV, Novo mesto 1984, 1.nagrada<\/li>\n<li>Stanovanjska soseska11, Podutik, Ljubljana 1989, 1.nagrada<\/li>\n<li>SPA Moravske toplice, Ljutomer 2002, 1.nagrada<\/li>\n<li>Raziskovalni center Ekonomske fakultete, Ljubljana 2004, 1.nagrada<\/li>\n<li>Ekonomska fakulteta v Ljubljani, Ljubljana 2005, Trimo nagrada za inovativni pristop k oblikovanju fasad in energetsko re\u0161itev<\/li>\n<\/ul>\n<h3 data-fontsize=\"16\" data-lineheight=\"24\"><strong>POSLOVNI PARTNERJI<\/strong><\/h3>\n<p>Na\u0161i poslovni partnerji so od institucij do indiviualnih strank \u00a0iz \u0161irokega podro\u010dja dejavnosti. Sodelujemo pa tudi s \u0161tevilnimi slovenskimi in evropskimi dobavitelji pohi\u0161tev, tekstila, razsvetljave, gastronomskih aparatov \u2026<\/p>\n<\/div><\/div><\/div><div class=\"col-sm-4\"><div class=\"fsn-column-inner fsn-69e0de0f07097 light\"><div class=\"fsn-text fsn-69e0de0f070b6\">\n<p><img loading=\"lazy\" decoding=\"async\" src=\"https:\/\/scorpio-studio.si\/wp-content\/uploads\/2023\/10\/scorpio-1stran-1-1-300x167.jpg\" alt=\"\" width=\"816\" height=\"454\" \/><img loading=\"lazy\" decoding=\"async\" src=\"https:\/\/scorpio-studio.si\/wp-content\/uploads\/2023\/10\/scorpio-domov-1-1-300x119.jpg\" alt=\"\" width=\"817\" height=\"324\" \/><img loading=\"lazy\" decoding=\"async\" src=\"https:\/\/scorpio-studio.si\/wp-content\/uploads\/2023\/10\/scorpio-domov-2-300x119.jpg\" alt=\"\" width=\"815\" height=\"323\" \/><img loading=\"lazy\" decoding=\"async\" src=\"https:\/\/scorpio-studio.si\/wp-content\/uploads\/2023\/10\/scorpio-domov-3-300x119.jpg\" alt=\"\" width=\"812\" height=\"322\" \/><\/p>\n<\/div><\/div><\/div><\/div><\/div><\/div><div class=\"fsn-row full-width-row fsn-69e0de0f070d8 light\" style=\"background-repeat:repeat;background-position:left top;background-attachment:scroll;background-size:auto;\"><div class=\"container-fluid\"><div class=\"row\"><\/div><\/div><\/div>\n<\/div>","protected":false},"excerpt":{"rendered":"","protected":false},"author":1,"featured_media":0,"parent":0,"menu_order":0,"comment_status":"closed","ping_status":"closed","template":"","meta":{"_coblocks_attr":"","_coblocks_dimensions":"","_coblocks_responsive_height":"","_coblocks_accordion_ie_support":"","footnotes":""},"class_list":["post-809","page","type-page","status-publish","hentry"],"_links":{"self":[{"href":"https:\/\/scorpio-studio.si\/index.php?rest_route=\/wp\/v2\/pages\/809","targetHints":{"allow":["GET"]}}],"collection":[{"href":"https:\/\/scorpio-studio.si\/index.php?rest_route=\/wp\/v2\/pages"}],"about":[{"href":"https:\/\/scorpio-studio.si\/index.php?rest_route=\/wp\/v2\/types\/page"}],"author":[{"embeddable":true,"href":"https:\/\/scorpio-studio.si\/index.php?rest_route=\/wp\/v2\/users\/1"}],"replies":[{"embeddable":true,"href":"https:\/\/scorpio-studio.si\/index.php?rest_route=%2Fwp%2Fv2%2Fcomments&post=809"}],"version-history":[{"count":23,"href":"https:\/\/scorpio-studio.si\/index.php?rest_route=\/wp\/v2\/pages\/809\/revisions"}],"predecessor-version":[{"id":842,"href":"https:\/\/scorpio-studio.si\/index.php?rest_route=\/wp\/v2\/pages\/809\/revisions\/842"}],"wp:attachment":[{"href":"https:\/\/scorpio-studio.si\/index.php?rest_route=%2Fwp%2Fv2%2Fmedia&parent=809"}],"curies":[{"name":"wp","href":"https:\/\/api.w.org\/{rel}","templated":true}]}}